{"id":444,"date":"2016-09-22T11:05:09","date_gmt":"2016-09-22T11:05:09","guid":{"rendered":"http:\/\/fitness1.mythemecloud.io\/?page_id=173"},"modified":"2022-08-24T18:12:49","modified_gmt":"2022-08-24T18:12:49","slug":"home","status":"publish","type":"page","link":"https:\/\/oplus-gesundheitspflege.ch\/","title":{"rendered":"Private Spitex"},"content":{"rendered":"\t\t<div data-elementor-type=\"wp-page\" data-elementor-id=\"444\" class=\"elementor elementor-444\">\n\t\t\t\t\t\t<section class=\"elementor-section elementor-top-section elementor-element elementor-element-043a292 elementor-section-boxed elementor-section-height-default elementor-section-height-default\" data-id=\"043a292\" data-element_type=\"section\" data-e-type=\"section\" data-settings=\"{&quot;background_background&quot;:&quot;classic&quot;}\">\n\t\t\t\t\t\t<div class=\"elementor-container elementor-column-gap-default\">\n\t\t\t\t\t<div class=\"elementor-column elementor-col-100 elementor-top-column elementor-element elementor-element-73e9332\" data-id=\"73e9332\" data-element_type=\"column\" data-e-type=\"column\">\n\t\t\t<div class=\"elementor-widget-wrap elementor-element-populated\">\n\t\t\t\t\t\t\t<\/div>\n\t\t<\/div>\n\t\t\t\t\t<\/div>\n\t\t<\/section>\n\t\t\t\t<\/div>\n\t\t","protected":false},"excerpt":{"rendered":"","protected":false},"author":1,"featured_media":0,"parent":0,"menu_order":0,"comment_status":"closed","ping_status":"closed","template":"","meta":{"site-sidebar-layout":"no-sidebar","site-content-layout":"page-builder","ast-global-header-display":"","ast-main-header-display":"","ast-hfb-above-header-display":"","ast-hfb-below-header-display":"","ast-hfb-mobile-header-display":"","site-post-title":"disabled","ast-breadcrumbs-content":"","ast-featured-img":"disabled","footer-sml-layout":"","theme-transparent-header-meta":"default","adv-header-id-meta":"","stick-header-meta":"","header-above-stick-meta":"","header-main-stick-meta":"","header-below-stick-meta":"","footnotes":""},"class_list":["post-444","page","type-page","status-publish","hentry"],"yoast_head":"<!-- This site is optimized with the Yoast SEO plugin v27.4 - https:\/\/yoast.com\/product\/yoast-seo-wordpress\/ -->\n<title>Private Spitex - OPlus Gesundheitspflege GmbH<\/title>\n<meta name=\"description\" content=\"Damit Sie so lange wie m\u00f6glich zuhause leben k\u00f6nnen, unterst\u00fctzt Sie das OPlus Gesundheitspflege Team. Krankenkassen anerkannt.\" \/>\n<meta name=\"robots\" content=\"index, follow, max-snippet:-1, max-image-preview:large, max-video-preview:-1\" \/>\n<link rel=\"canonical\" href=\"https:\/\/oplus-gesundheitspflege.ch\/\" \/>\n<meta property=\"og:locale\" content=\"de_DE\" \/>\n<meta property=\"og:type\" content=\"article\" \/>\n<meta property=\"og:title\" content=\"Private Spitex - OPlus Gesundheitspflege GmbH\" \/>\n<meta property=\"og:description\" content=\"Damit Sie so lange wie m\u00f6glich zuhause leben k\u00f6nnen, unterst\u00fctzt Sie das OPlus Gesundheitspflege Team. Krankenkassen anerkannt.\" \/>\n<meta property=\"og:url\" content=\"https:\/\/oplus-gesundheitspflege.ch\/\" \/>\n<meta property=\"og:site_name\" content=\"OPlus Gesundheitspflege GmbH\" \/>\n<meta property=\"article:modified_time\" content=\"2022-08-24T18:12:49+00:00\" \/>\n<meta name=\"twitter:card\" content=\"summary_large_image\" \/>\n<script type=\"application\/ld+json\" class=\"yoast-schema-graph\">{\"@context\":\"https:\\\/\\\/schema.org\",\"@graph\":[{\"@type\":[\"WebPage\",\"ContactPage\"],\"@id\":\"https:\\\/\\\/oplus-gesundheitspflege.ch\\\/\",\"url\":\"https:\\\/\\\/oplus-gesundheitspflege.ch\\\/\",\"name\":\"Private Spitex - OPlus Gesundheitspflege GmbH\",\"isPartOf\":{\"@id\":\"https:\\\/\\\/oplus-gesundheitspflege.ch\\\/#website\"},\"datePublished\":\"2016-09-22T11:05:09+00:00\",\"dateModified\":\"2022-08-24T18:12:49+00:00\",\"description\":\"Damit Sie so lange wie m\u00f6glich zuhause leben k\u00f6nnen, unterst\u00fctzt Sie das OPlus Gesundheitspflege Team. Krankenkassen anerkannt.\",\"breadcrumb\":{\"@id\":\"https:\\\/\\\/oplus-gesundheitspflege.ch\\\/#breadcrumb\"},\"inLanguage\":\"de\",\"potentialAction\":[{\"@type\":\"ReadAction\",\"target\":[\"https:\\\/\\\/oplus-gesundheitspflege.ch\\\/\"]}]},{\"@type\":\"BreadcrumbList\",\"@id\":\"https:\\\/\\\/oplus-gesundheitspflege.ch\\\/#breadcrumb\",\"itemListElement\":[{\"@type\":\"ListItem\",\"position\":1,\"name\":\"Startseite\",\"item\":\"https:\\\/\\\/oplus-gesundheitspflege.ch\\\/\"},{\"@type\":\"ListItem\",\"position\":2,\"name\":\"Private Spitex\"}]},{\"@type\":\"WebSite\",\"@id\":\"https:\\\/\\\/oplus-gesundheitspflege.ch\\\/#website\",\"url\":\"https:\\\/\\\/oplus-gesundheitspflege.ch\\\/\",\"name\":\"OPlus Gesundheitspflege GmbH\",\"description\":\"Das ist ein Untertitel\",\"publisher\":{\"@id\":\"https:\\\/\\\/oplus-gesundheitspflege.ch\\\/#organization\"},\"potentialAction\":[{\"@type\":\"SearchAction\",\"target\":{\"@type\":\"EntryPoint\",\"urlTemplate\":\"https:\\\/\\\/oplus-gesundheitspflege.ch\\\/?s={search_term_string}\"},\"query-input\":{\"@type\":\"PropertyValueSpecification\",\"valueRequired\":true,\"valueName\":\"search_term_string\"}}],\"inLanguage\":\"de\"},{\"@type\":\"Organization\",\"@id\":\"https:\\\/\\\/oplus-gesundheitspflege.ch\\\/#organization\",\"name\":\"OPlus Gesundheitspflege GmbH\",\"url\":\"https:\\\/\\\/oplus-gesundheitspflege.ch\\\/\",\"logo\":{\"@type\":\"ImageObject\",\"inLanguage\":\"de\",\"@id\":\"https:\\\/\\\/oplus-gesundheitspflege.ch\\\/#\\\/schema\\\/logo\\\/image\\\/\",\"url\":\"https:\\\/\\\/oplus-gesundheitspflege.ch\\\/wp-content\\\/uploads\\\/2022\\\/04\\\/Logo_Oplus_2022-1.png\",\"contentUrl\":\"https:\\\/\\\/oplus-gesundheitspflege.ch\\\/wp-content\\\/uploads\\\/2022\\\/04\\\/Logo_Oplus_2022-1.png\",\"width\":2771,\"height\":2772,\"caption\":\"OPlus Gesundheitspflege GmbH\"},\"image\":{\"@id\":\"https:\\\/\\\/oplus-gesundheitspflege.ch\\\/#\\\/schema\\\/logo\\\/image\\\/\"}}]}<\/script>\n<!-- \/ Yoast SEO plugin. -->","yoast_head_json":{"title":"Private Spitex - OPlus Gesundheitspflege GmbH","description":"Damit Sie so lange wie m\u00f6glich zuhause leben k\u00f6nnen, unterst\u00fctzt Sie das OPlus Gesundheitspflege Team. Krankenkassen anerkannt.","robots":{"index":"index","follow":"follow","max-snippet":"max-snippet:-1","max-image-preview":"max-image-preview:large","max-video-preview":"max-video-preview:-1"},"canonical":"https:\/\/oplus-gesundheitspflege.ch\/","og_locale":"de_DE","og_type":"article","og_title":"Private Spitex - OPlus Gesundheitspflege GmbH","og_description":"Damit Sie so lange wie m\u00f6glich zuhause leben k\u00f6nnen, unterst\u00fctzt Sie das OPlus Gesundheitspflege Team. Krankenkassen anerkannt.","og_url":"https:\/\/oplus-gesundheitspflege.ch\/","og_site_name":"OPlus Gesundheitspflege GmbH","article_modified_time":"2022-08-24T18:12:49+00:00","twitter_card":"summary_large_image","schema":{"@context":"https:\/\/schema.org","@graph":[{"@type":["WebPage","ContactPage"],"@id":"https:\/\/oplus-gesundheitspflege.ch\/","url":"https:\/\/oplus-gesundheitspflege.ch\/","name":"Private Spitex - OPlus Gesundheitspflege GmbH","isPartOf":{"@id":"https:\/\/oplus-gesundheitspflege.ch\/#website"},"datePublished":"2016-09-22T11:05:09+00:00","dateModified":"2022-08-24T18:12:49+00:00","description":"Damit Sie so lange wie m\u00f6glich zuhause leben k\u00f6nnen, unterst\u00fctzt Sie das OPlus Gesundheitspflege Team. Krankenkassen anerkannt.","breadcrumb":{"@id":"https:\/\/oplus-gesundheitspflege.ch\/#breadcrumb"},"inLanguage":"de","potentialAction":[{"@type":"ReadAction","target":["https:\/\/oplus-gesundheitspflege.ch\/"]}]},{"@type":"BreadcrumbList","@id":"https:\/\/oplus-gesundheitspflege.ch\/#breadcrumb","itemListElement":[{"@type":"ListItem","position":1,"name":"Startseite","item":"https:\/\/oplus-gesundheitspflege.ch\/"},{"@type":"ListItem","position":2,"name":"Private Spitex"}]},{"@type":"WebSite","@id":"https:\/\/oplus-gesundheitspflege.ch\/#website","url":"https:\/\/oplus-gesundheitspflege.ch\/","name":"OPlus Gesundheitspflege GmbH","description":"Das ist ein Untertitel","publisher":{"@id":"https:\/\/oplus-gesundheitspflege.ch\/#organization"},"potentialAction":[{"@type":"SearchAction","target":{"@type":"EntryPoint","urlTemplate":"https:\/\/oplus-gesundheitspflege.ch\/?s={search_term_string}"},"query-input":{"@type":"PropertyValueSpecification","valueRequired":true,"valueName":"search_term_string"}}],"inLanguage":"de"},{"@type":"Organization","@id":"https:\/\/oplus-gesundheitspflege.ch\/#organization","name":"OPlus Gesundheitspflege GmbH","url":"https:\/\/oplus-gesundheitspflege.ch\/","logo":{"@type":"ImageObject","inLanguage":"de","@id":"https:\/\/oplus-gesundheitspflege.ch\/#\/schema\/logo\/image\/","url":"https:\/\/oplus-gesundheitspflege.ch\/wp-content\/uploads\/2022\/04\/Logo_Oplus_2022-1.png","contentUrl":"https:\/\/oplus-gesundheitspflege.ch\/wp-content\/uploads\/2022\/04\/Logo_Oplus_2022-1.png","width":2771,"height":2772,"caption":"OPlus Gesundheitspflege GmbH"},"image":{"@id":"https:\/\/oplus-gesundheitspflege.ch\/#\/schema\/logo\/image\/"}}]}},"jetpack_sharing_enabled":true,"_links":{"self":[{"href":"https:\/\/oplus-gesundheitspflege.ch\/index.php?rest_route=\/wp\/v2\/pages\/444","targetHints":{"allow":["GET"]}}],"collection":[{"href":"https:\/\/oplus-gesundheitspflege.ch\/index.php?rest_route=\/wp\/v2\/pages"}],"about":[{"href":"https:\/\/oplus-gesundheitspflege.ch\/index.php?rest_route=\/wp\/v2\/types\/page"}],"author":[{"embeddable":true,"href":"https:\/\/oplus-gesundheitspflege.ch\/index.php?rest_route=\/wp\/v2\/users\/1"}],"replies":[{"embeddable":true,"href":"https:\/\/oplus-gesundheitspflege.ch\/index.php?rest_route=%2Fwp%2Fv2%2Fcomments&post=444"}],"version-history":[{"count":177,"href":"https:\/\/oplus-gesundheitspflege.ch\/index.php?rest_route=\/wp\/v2\/pages\/444\/revisions"}],"predecessor-version":[{"id":820,"href":"https:\/\/oplus-gesundheitspflege.ch\/index.php?rest_route=\/wp\/v2\/pages\/444\/revisions\/820"}],"wp:attachment":[{"href":"https:\/\/oplus-gesundheitspflege.ch\/index.php?rest_route=%2Fwp%2Fv2%2Fmedia&parent=444"}],"curies":[{"name":"wp","href":"https:\/\/api.w.org\/{rel}","templated":true}]}}